{"id":8513,"date":"2023-02-08T08:54:07","date_gmt":"2023-02-08T08:54:07","guid":{"rendered":"https:\/\/helder.wpenginepowered.com\/branding\/"},"modified":"2025-05-05T13:01:59","modified_gmt":"2025-05-05T13:01:59","slug":"branding","status":"publish","type":"page","link":"https:\/\/helder.design\/en\/branding\/","title":{"rendered":"Branding"},"content":{"rendered":"<p>A logo is a graphic or typographic sign that stands as a symbol for a brand or an organization. It is used to make a brand recognizable at different touchpoints.Unter Branding versteht man den gezielten Aufbau und die F\u00fchrung einer Marke einschlie\u00dflich ihrer kommunikativen und visuellen Merkmale. Ziel des Brandings ist, ein bestimmtes Gef\u00fchl bei (potentiellen) Kund:innen auszul\u00f6sen und zu vermitteln, wof\u00fcr die Marke steht.<\/p>\n<p><em>Definition, Bestandteile, 9 Beispiele<\/em><\/p>\n","protected":false},"excerpt":{"rendered":"<p>A logo is a graphic or typographic sign that stands as a symbol for a brand or an organization. It is used to make a brand recognizable at different touchpoints.Unter Branding versteht man den gezielten Aufbau und die F\u00fchrung einer Marke einschlie\u00dflich ihrer kommunikativen und visuellen Merkmale. Ziel des Brandings ist, ein bestimmtes Gef\u00fchl bei &hellip; <a href=\"https:\/\/helder.design\/en\/branding\/\">Continued<\/a><\/p>\n","protected":false},"author":2,"featured_media":8036,"parent":0,"menu_order":0,"comment_status":"closed","ping_status":"closed","template":"modular.blade.php","meta":{"_acf_changed":false,"inline_featured_image":false,"footnotes":""},"class_list":["post-8513","page","type-page","status-publish","has-post-thumbnail","hentry"],"acf":[],"yoast_head":"<!-- This site is optimized with the Yoast SEO Premium plugin v20.4 (Yoast SEO v26.8) - https:\/\/yoast.com\/product\/yoast-seo-premium-wordpress\/ -->\n<title>Branding: Definition, Elements, Examples &amp; Templates | Helder<\/title>\n<meta name=\"description\" content=\"What is meant by branding? \u2713 Objectives \u2713 Functionality and importance \u2713 Examples \u2713 Types \u2713 Individual elements.\" \/>\n<meta name=\"robots\" content=\"index, follow, max-snippet:-1, max-image-preview:large, max-video-preview:-1\" \/>\n<link rel=\"canonical\" href=\"https:\/\/helder.design\/en\/branding\/\" \/>\n<meta property=\"og:locale\" content=\"en_US\" \/>\n<meta property=\"og:type\" content=\"article\" \/>\n<meta property=\"og:title\" content=\"Branding\" \/>\n<meta property=\"og:description\" content=\"What is meant by branding? \u2713 Objectives \u2713 Functionality and importance \u2713 Examples \u2713 Types \u2713 Individual elements.\" \/>\n<meta property=\"og:url\" content=\"https:\/\/helder.design\/en\/branding\/\" \/>\n<meta property=\"og:site_name\" content=\"Helder\" \/>\n<meta property=\"article:publisher\" content=\"https:\/\/www.facebook.com\/helderbranddesign\/\" \/>\n<meta property=\"article:modified_time\" content=\"2025-05-05T13:01:59+00:00\" \/>\n<meta property=\"og:image\" content=\"https:\/\/helder.design\/wp-content\/uploads\/2018\/10\/helder-defining-brands-2.png\" \/>\n\t<meta property=\"og:image:width\" content=\"1200\" \/>\n\t<meta property=\"og:image:height\" content=\"630\" \/>\n\t<meta property=\"og:image:type\" content=\"image\/png\" \/>\n<meta name=\"twitter:card\" content=\"summary_large_image\" \/>\n<meta name=\"twitter:site\" content=\"@studiohelder\" \/>\n<meta name=\"twitter:label1\" content=\"Est. reading time\" \/>\n\t<meta name=\"twitter:data1\" content=\"21 minutes\" \/>\n<script type=\"application\/ld+json\" class=\"yoast-schema-graph\">{\"@context\":\"https:\/\/schema.org\",\"@graph\":[{\"@type\":\"WebPage\",\"@id\":\"https:\/\/helder.design\/en\/branding\/\",\"url\":\"https:\/\/helder.design\/en\/branding\/\",\"name\":\"Branding: Definition, Elements, Examples & Templates | Helder\",\"isPartOf\":{\"@id\":\"https:\/\/helder.design\/en\/#website\"},\"primaryImageOfPage\":{\"@id\":\"https:\/\/helder.design\/en\/branding\/#primaryimage\"},\"image\":{\"@id\":\"https:\/\/helder.design\/en\/branding\/#primaryimage\"},\"thumbnailUrl\":\"https:\/\/helder.design\/wp-content\/uploads\/2023\/02\/branding-icon.svg\",\"datePublished\":\"2023-02-08T08:54:07+00:00\",\"dateModified\":\"2025-05-05T13:01:59+00:00\",\"description\":\"What is meant by branding? \u2713 Objectives \u2713 Functionality and importance \u2713 Examples \u2713 Types \u2713 Individual elements.\",\"breadcrumb\":{\"@id\":\"https:\/\/helder.design\/en\/branding\/#breadcrumb\"},\"inLanguage\":\"en-US\",\"potentialAction\":[{\"@type\":\"ReadAction\",\"target\":[\"https:\/\/helder.design\/en\/branding\/\"]}]},{\"@type\":\"ImageObject\",\"inLanguage\":\"en-US\",\"@id\":\"https:\/\/helder.design\/en\/branding\/#primaryimage\",\"url\":\"https:\/\/helder.design\/wp-content\/uploads\/2023\/02\/branding-icon.svg\",\"contentUrl\":\"https:\/\/helder.design\/wp-content\/uploads\/2023\/02\/branding-icon.svg\"},{\"@type\":\"BreadcrumbList\",\"@id\":\"https:\/\/helder.design\/en\/branding\/#breadcrumb\",\"itemListElement\":[{\"@type\":\"ListItem\",\"position\":1,\"name\":\"Home\",\"item\":\"https:\/\/helder.design\/en\/\"},{\"@type\":\"ListItem\",\"position\":2,\"name\":\"Branding\"}]},{\"@type\":\"WebSite\",\"@id\":\"https:\/\/helder.design\/en\/#website\",\"url\":\"https:\/\/helder.design\/en\/\",\"name\":\"Helder\",\"description\":\"\",\"publisher\":{\"@id\":\"https:\/\/helder.design\/en\/#organization\"},\"potentialAction\":[{\"@type\":\"SearchAction\",\"target\":{\"@type\":\"EntryPoint\",\"urlTemplate\":\"https:\/\/helder.design\/en\/?s={search_term_string}\"},\"query-input\":{\"@type\":\"PropertyValueSpecification\",\"valueRequired\":true,\"valueName\":\"search_term_string\"}}],\"inLanguage\":\"en-US\"},{\"@type\":\"Organization\",\"@id\":\"https:\/\/helder.design\/en\/#organization\",\"name\":\"Helder Brand Design\",\"url\":\"https:\/\/helder.design\/en\/\",\"logo\":{\"@type\":\"ImageObject\",\"inLanguage\":\"en-US\",\"@id\":\"https:\/\/helder.design\/en\/#\/schema\/logo\/image\/\",\"url\":\"https:\/\/helder.design\/wp-content\/uploads\/2019\/02\/logo.png\",\"contentUrl\":\"https:\/\/helder.design\/wp-content\/uploads\/2019\/02\/logo.png\",\"width\":180,\"height\":180,\"caption\":\"Helder Brand Design\"},\"image\":{\"@id\":\"https:\/\/helder.design\/en\/#\/schema\/logo\/image\/\"},\"sameAs\":[\"https:\/\/www.facebook.com\/helderbranddesign\/\",\"https:\/\/x.com\/studiohelder\",\"https:\/\/www.linkedin.com\/company\/helder-brand-design-gbr\/\",\"https:\/\/www.instagram.com\/studio_helder\/\"]}]}<\/script>\n<!-- \/ Yoast SEO Premium plugin. -->","yoast_head_json":{"title":"Branding: Definition, Elements, Examples & Templates | Helder","description":"What is meant by branding? \u2713 Objectives \u2713 Functionality and importance \u2713 Examples \u2713 Types \u2713 Individual elements.","robots":{"index":"index","follow":"follow","max-snippet":"max-snippet:-1","max-image-preview":"max-image-preview:large","max-video-preview":"max-video-preview:-1"},"canonical":"https:\/\/helder.design\/en\/branding\/","og_locale":"en_US","og_type":"article","og_title":"Branding","og_description":"What is meant by branding? \u2713 Objectives \u2713 Functionality and importance \u2713 Examples \u2713 Types \u2713 Individual elements.","og_url":"https:\/\/helder.design\/en\/branding\/","og_site_name":"Helder","article_publisher":"https:\/\/www.facebook.com\/helderbranddesign\/","article_modified_time":"2025-05-05T13:01:59+00:00","og_image":[{"width":1200,"height":630,"url":"https:\/\/helder.design\/wp-content\/uploads\/2018\/10\/helder-defining-brands-2.png","type":"image\/png"}],"twitter_card":"summary_large_image","twitter_site":"@studiohelder","twitter_misc":{"Est. reading time":"21 minutes"},"schema":{"@context":"https:\/\/schema.org","@graph":[{"@type":"WebPage","@id":"https:\/\/helder.design\/en\/branding\/","url":"https:\/\/helder.design\/en\/branding\/","name":"Branding: Definition, Elements, Examples & Templates | Helder","isPartOf":{"@id":"https:\/\/helder.design\/en\/#website"},"primaryImageOfPage":{"@id":"https:\/\/helder.design\/en\/branding\/#primaryimage"},"image":{"@id":"https:\/\/helder.design\/en\/branding\/#primaryimage"},"thumbnailUrl":"https:\/\/helder.design\/wp-content\/uploads\/2023\/02\/branding-icon.svg","datePublished":"2023-02-08T08:54:07+00:00","dateModified":"2025-05-05T13:01:59+00:00","description":"What is meant by branding? \u2713 Objectives \u2713 Functionality and importance \u2713 Examples \u2713 Types \u2713 Individual elements.","breadcrumb":{"@id":"https:\/\/helder.design\/en\/branding\/#breadcrumb"},"inLanguage":"en-US","potentialAction":[{"@type":"ReadAction","target":["https:\/\/helder.design\/en\/branding\/"]}]},{"@type":"ImageObject","inLanguage":"en-US","@id":"https:\/\/helder.design\/en\/branding\/#primaryimage","url":"https:\/\/helder.design\/wp-content\/uploads\/2023\/02\/branding-icon.svg","contentUrl":"https:\/\/helder.design\/wp-content\/uploads\/2023\/02\/branding-icon.svg"},{"@type":"BreadcrumbList","@id":"https:\/\/helder.design\/en\/branding\/#breadcrumb","itemListElement":[{"@type":"ListItem","position":1,"name":"Home","item":"https:\/\/helder.design\/en\/"},{"@type":"ListItem","position":2,"name":"Branding"}]},{"@type":"WebSite","@id":"https:\/\/helder.design\/en\/#website","url":"https:\/\/helder.design\/en\/","name":"Helder","description":"","publisher":{"@id":"https:\/\/helder.design\/en\/#organization"},"potentialAction":[{"@type":"SearchAction","target":{"@type":"EntryPoint","urlTemplate":"https:\/\/helder.design\/en\/?s={search_term_string}"},"query-input":{"@type":"PropertyValueSpecification","valueRequired":true,"valueName":"search_term_string"}}],"inLanguage":"en-US"},{"@type":"Organization","@id":"https:\/\/helder.design\/en\/#organization","name":"Helder Brand Design","url":"https:\/\/helder.design\/en\/","logo":{"@type":"ImageObject","inLanguage":"en-US","@id":"https:\/\/helder.design\/en\/#\/schema\/logo\/image\/","url":"https:\/\/helder.design\/wp-content\/uploads\/2019\/02\/logo.png","contentUrl":"https:\/\/helder.design\/wp-content\/uploads\/2019\/02\/logo.png","width":180,"height":180,"caption":"Helder Brand Design"},"image":{"@id":"https:\/\/helder.design\/en\/#\/schema\/logo\/image\/"},"sameAs":["https:\/\/www.facebook.com\/helderbranddesign\/","https:\/\/x.com\/studiohelder","https:\/\/www.linkedin.com\/company\/helder-brand-design-gbr\/","https:\/\/www.instagram.com\/studio_helder\/"]}]}},"_links":{"self":[{"href":"https:\/\/helder.design\/en\/wp-json\/wp\/v2\/pages\/8513","targetHints":{"allow":["GET"]}}],"collection":[{"href":"https:\/\/helder.design\/en\/wp-json\/wp\/v2\/pages"}],"about":[{"href":"https:\/\/helder.design\/en\/wp-json\/wp\/v2\/types\/page"}],"author":[{"embeddable":true,"href":"https:\/\/helder.design\/en\/wp-json\/wp\/v2\/users\/2"}],"replies":[{"embeddable":true,"href":"https:\/\/helder.design\/en\/wp-json\/wp\/v2\/comments?post=8513"}],"version-history":[{"count":0,"href":"https:\/\/helder.design\/en\/wp-json\/wp\/v2\/pages\/8513\/revisions"}],"wp:featuredmedia":[{"embeddable":true,"href":"https:\/\/helder.design\/en\/wp-json\/wp\/v2\/media\/8036"}],"wp:attachment":[{"href":"https:\/\/helder.design\/en\/wp-json\/wp\/v2\/media?parent=8513"}],"curies":[{"name":"wp","href":"https:\/\/api.w.org\/{rel}","templated":true}]}}